{"id":162,"date":"2017-11-10T14:08:51","date_gmt":"2017-11-10T14:08:51","guid":{"rendered":"http:\/\/tag_link_site_url\/mesmerize\/"},"modified":"2026-01-24T23:36:22","modified_gmt":"2026-01-25T02:36:22","slug":"mesmerize","status":"publish","type":"page","link":"https:\/\/losmanantiales.cl\/Web\/","title":{"rendered":"Front Page"},"content":{"rendered":"\t\t<div data-elementor-type=\"wp-page\" data-elementor-id=\"162\" class=\"elementor elementor-162\">\n\t\t\t\t\t\t<section class=\"elementor-section elementor-top-section elementor-element elementor-element-2989d1 elementor-section-full_width elementor-section-height-default elementor-section-height-default\" data-id=\"2989d1\" data-element_type=\"section\" data-settings=\"{&quot;shape_divider_top&quot;:&quot;wave-brush&quot;}\">\n\t\t\t\t\t<div class=\"elementor-shape elementor-shape-top\" aria-hidden=\"true\" data-negative=\"false\">\n\t\t\t<svg xmlns=\"http:\/\/www.w3.org\/2000\/svg\" viewBox=\"0 0 283.5 27.8\" preserveAspectRatio=\"none\">\n\t<path class=\"elementor-shape-fill\" d=\"M283.5,9.7c0,0-7.3,4.3-14,4.6c-6.8,0.3-12.6,0-20.9-1.5c-11.3-2-33.1-10.1-44.7-5.7\ts-12.1,4.6-18,7.4c-6.6,3.2-20,9.6-36.6,9.3C131.6,23.5,99.5,7.2,86.3,8c-1.4,0.1-6.6,0.8-10.5,2c-3.8,1.2-9.4,3.8-17,4.7\tc-3.2,0.4-8.3,1.1-14.2,0.9c-1.5-0.1-6.3-0.4-12-1.6c-5.7-1.2-11-3.1-15.8-3.7C6.5,9.2,0,10.8,0,10.8V0h283.5V9.7z M260.8,11.3\tc-0.7-1-2-0.4-4.3-0.4c-2.3,0-6.1-1.2-5.8-1.1c0.3,0.1,3.1,1.5,6,1.9C259.7,12.2,261.4,12.3,260.8,11.3z M242.4,8.6\tc0,0-2.4-0.2-5.6-0.9c-3.2-0.8-10.3-2.8-15.1-3.5c-8.2-1.1-15.8,0-15.1,0.1c0.8,0.1,9.6-0.6,17.6,1.1c3.3,0.7,9.3,2.2,12.4,2.7\tC239.9,8.7,242.4,8.6,242.4,8.6z M185.2,8.5c1.7-0.7-13.3,4.7-18.5,6.1c-2.1,0.6-6.2,1.6-10,2c-3.9,0.4-8.9,0.4-8.8,0.5\tc0,0.2,5.8,0.8,11.2,0c5.4-0.8,5.2-1.1,7.6-1.6C170.5,14.7,183.5,9.2,185.2,8.5z M199.1,6.9c0.2,0-0.8-0.4-4.8,1.1\tc-4,1.5-6.7,3.5-6.9,3.7c-0.2,0.1,3.5-1.8,6.6-3C197,7.5,199,6.9,199.1,6.9z M283,6c-0.1,0.1-1.9,1.1-4.8,2.5s-6.9,2.8-6.7,2.7\tc0.2,0,3.5-0.6,7.4-2.5C282.8,6.8,283.1,5.9,283,6z M31.3,11.6c0.1-0.2-1.9-0.2-4.5-1.2s-5.4-1.6-7.8-2C15,7.6,7.3,8.5,7.7,8.6\tC8,8.7,15.9,8.3,20.2,9.3c2.2,0.5,2.4,0.5,5.7,1.6S31.2,11.9,31.3,11.6z M73,9.2c0.4-0.1,3.5-1.6,8.4-2.6c4.9-1.1,8.9-0.5,8.9-0.8\tc0-0.3-1-0.9-6.2-0.3S72.6,9.3,73,9.2z M71.6,6.7C71.8,6.8,75,5.4,77.3,5c2.3-0.3,1.9-0.5,1.9-0.6c0-0.1-1.1-0.2-2.7,0.2\tC74.8,5.1,71.4,6.6,71.6,6.7z M93.6,4.4c0.1,0.2,3.5,0.8,5.6,1.8c2.1,1,1.8,0.6,1.9,0.5c0.1-0.1-0.8-0.8-2.4-1.3\tC97.1,4.8,93.5,4.2,93.6,4.4z M65.4,11.1c-0.1,0.3,0.3,0.5,1.9-0.2s2.6-1.3,2.2-1.2s-0.9,0.4-2.5,0.8C65.3,10.9,65.5,10.8,65.4,11.1\tz M34.5,12.4c-0.2,0,2.1,0.8,3.3,0.9c1.2,0.1,2,0.1,2-0.2c0-0.3-0.1-0.5-1.6-0.4C36.6,12.8,34.7,12.4,34.5,12.4z M152.2,21.1\tc-0.1,0.1-2.4-0.3-7.5-0.3c-5,0-13.6-2.4-17.2-3.5c-3.6-1.1,10,3.9,16.5,4.1C150.5,21.6,152.3,21,152.2,21.1z\"\/>\n\t<path class=\"elementor-shape-fill\" d=\"M269.6,18c-0.1-0.1-4.6,0.3-7.2,0c-7.3-0.7-17-3.2-16.6-2.9c0.4,0.3,13.7,3.1,17,3.3\tC267.7,18.8,269.7,18,269.6,18z\"\/>\n\t<path class=\"elementor-shape-fill\" d=\"M227.4,9.8c-0.2-0.1-4.5-1-9.5-1.2c-5-0.2-12.7,0.6-12.3,0.5c0.3-0.1,5.9-1.8,13.3-1.2\tS227.6,9.9,227.4,9.8z\"\/>\n\t<path class=\"elementor-shape-fill\" d=\"M204.5,13.4c-0.1-0.1,2-1,3.2-1.1c1.2-0.1,2,0,2,0.3c0,0.3-0.1,0.5-1.6,0.4\tC206.4,12.9,204.6,13.5,204.5,13.4z\"\/>\n\t<path class=\"elementor-shape-fill\" d=\"M201,10.6c0-0.1-4.4,1.2-6.3,2.2c-1.9,0.9-6.2,3.1-6.1,3.1c0.1,0.1,4.2-1.6,6.3-2.6\tS201,10.7,201,10.6z\"\/>\n\t<path class=\"elementor-shape-fill\" d=\"M154.5,26.7c-0.1-0.1-4.6,0.3-7.2,0c-7.3-0.7-17-3.2-16.6-2.9c0.4,0.3,13.7,3.1,17,3.3\tC152.6,27.5,154.6,26.8,154.5,26.7z\"\/>\n\t<path class=\"elementor-shape-fill\" d=\"M41.9,19.3c0,0,1.2-0.3,2.9-0.1c1.7,0.2,5.8,0.9,8.2,0.7c4.2-0.4,7.4-2.7,7-2.6\tc-0.4,0-4.3,2.2-8.6,1.9c-1.8-0.1-5.1-0.5-6.7-0.4S41.9,19.3,41.9,19.3z\"\/>\n\t<path class=\"elementor-shape-fill\" d=\"M75.5,12.6c0.2,0.1,2-0.8,4.3-1.1c2.3-0.2,2.1-0.3,2.1-0.5c0-0.1-1.8-0.4-3.4,0\tC76.9,11.5,75.3,12.5,75.5,12.6z\"\/>\n\t<path class=\"elementor-shape-fill\" d=\"M15.6,13.2c0-0.1,4.3,0,6.7,0.5c2.4,0.5,5,1.9,5,2c0,0.1-2.7-0.8-5.1-1.4\tC19.9,13.7,15.7,13.3,15.6,13.2z\"\/>\n<\/svg>\t\t<\/div>\n\t\t\t\t\t<div class=\"elementor-container elementor-column-gap-no\">\n\t\t\t\t\t<div class=\"elementor-column elementor-col-100 elementor-top-column elementor-element elementor-element-20c3f3d5 elementor-invisible\" data-id=\"20c3f3d5\" data-element_type=\"column\" data-settings=\"{&quot;animation&quot;:&quot;fadeIn&quot;}\">\n\t\t\t<div class=\"elementor-widget-wrap elementor-element-populated\">\n\t\t\t\t\t\t<div class=\"elementor-element elementor-element-1b875650 elementor-invisible elementor-widget elementor-widget-text-editor\" data-id=\"1b875650\" data-element_type=\"widget\" data-settings=\"{&quot;_animation&quot;:&quot;fadeIn&quot;}\" data-widget_type=\"text-editor.default\">\n\t\t\t\t<div class=\"elementor-widget-container\">\n\t\t\t\t\t\t\t\t\t<div id=\"features-9\" class=\"features-16 content-section content-section-spacing\" style=\"background-color: rgb(239 245 236); background-image: none;\" data-label=\"Features\" data-id=\"features-16\" data-export-id=\"features-16\" data-category=\"features\"><div class=\"gridContainer\"><div class=\"row text-center\"><div class=\"section-title-col\" data-type=\"column\"><h2 class=\"\">LOS MANANTIALES cuenta con las comodidades necesarias para su bienestar.<\/h2><p class=\"lead\">Duchas con agua caliente, Lavaderos de loza y Ropa, Disponemos para Ud. de:<br \/>Arranque de electricidad, Amplios y seguros estacionamientos, Cobertizos, Mesas, Parrillas<\/p><\/div><\/div><div class=\"row spaced-cols\" data-type=\"row\"><div class=\"col-xs-12 col-sm-6 space-bottom col-md-4 \"><p><img decoding=\"async\" class=\"face\" title=\"cropped-Captura-de-pantalla-de-2022-12-20-22-25-24.png\" src=\"https:\/\/losmanantiales.cl\/Web\/wp-content\/uploads\/2022\/12\/cropped-Captura-de-pantalla-de-2022-12-20-22-25-24.png\" alt=\"\" \/><\/p><div class=\"col-padding-small col-padding-small-xs description-container\" data-type=\"column\"><h4 class=\"font-500\"><strong><span style=\"color: #ff9900;\">CAMPING<\/span><\/strong><\/h4><p><strong><span style=\"color: #ff6600;\">(Acampar en carpa)<\/span><\/strong><br \/><span style=\"color: #000000;\">Los sitios cuentan con; mesa, cobertizo, enchufe el\u00e9ctrico, parrilla, ducha con agua caliente<\/span><\/p><\/div><\/div><div class=\"col-xs-12 col-sm-6 space-bottom col-md-4\"><p><img decoding=\"async\" class=\"face\" title=\"14galeria\" src=\"https:\/\/losmanantiales.cl\/Web\/wp-content\/uploads\/2020\/11\/14galeria.jpg\" alt=\"\" \/><\/p><div class=\"col-padding-small col-padding-small-xs description-container\" data-type=\"column\"><h4 class=\"font-500\"><strong><span style=\"color: #339966;\">PICNIC<\/span><\/strong><\/h4><p class=\"\"><strong><span style=\"color: #339966;\">(Paseo solo por el dia)<\/span><\/strong><\/p><p class=\"\"><span style=\"color: #000000;\">Ingreso 9 hrs. salida 19 hrs.<\/span><br \/><span style=\"color: #000000;\">Mesa, parrilla laguna de nataci\u00f3n<\/span><\/p><\/div><\/div><div class=\"col-xs-12 col-sm-6 space-bottom col-md-4\"><p><img decoding=\"async\" class=\"face\" title=\"1IMG-s-higienicosL\" src=\"https:\/\/losmanantiales.cl\/Web\/wp-content\/uploads\/2022\/10\/1IMG-s-higienicosL.jpg\" alt=\"\" \/><\/p><div class=\"col-padding-small col-padding-small-xs description-container\" data-type=\"column\"><h4 class=\"font-500\">SERVICIOS HIGIENICOS<\/h4><p class=\"\"><span style=\"color: #000000;\">Servicios higienicos, acceso especial discapacitados.<\/span><\/p><\/div><\/div><div class=\"col-xs-12 col-sm-6 space-bottom col-md-4\"><p><img decoding=\"async\" class=\"face\" title=\"cropped-cropped-enfermeria.jpg\" src=\"https:\/\/losmanantiales.cl\/Web\/wp-content\/uploads\/2021\/01\/cropped-cropped-enfermeria.jpg\" alt=\"\" \/><\/p><div class=\"col-padding-small col-padding-small-xs description-container\" data-type=\"column\"><h4 class=\"font-500\">PRIMEROS AUXILIOS<\/h4><p class=\"\"><span style=\"color: #000000;\">Atenci\u00f3n primaria de auxilios<\/span><\/p><\/div><\/div><div class=\"col-xs-12 col-sm-6 space-bottom col-md-4 \"><p><img decoding=\"async\" class=\"face\" title=\"cropped-verduleria.jpg\" src=\"https:\/\/losmanantiales.cl\/Web\/wp-content\/uploads\/2020\/11\/cropped-verduleria.jpg\" alt=\"\" \/><\/p><div class=\"col-padding-small col-padding-small-xs description-container\" data-type=\"column\"><h4 class=\"font-500\">VERDULERIA<\/h4><p class=\"\"><span style=\"color: #000000;\">( s\u00f3lo temporada alta )<\/span><br \/><span style=\"color: #000000;\">Disfrute usted de la venta de verduras y frutas frescas de temporada.<\/span><\/p><\/div><\/div><div class=\"col-xs-12 col-sm-6 space-bottom col-md-4\"><p><img decoding=\"async\" class=\"face\" title=\"cropped-RESTAURANTE.jpg\" src=\"https:\/\/losmanantiales.cl\/Web\/wp-content\/uploads\/2020\/11\/cropped-RESTAURANTE.jpg\" alt=\"\" \/><\/p><div class=\"col-padding-small col-padding-small-xs description-container\" data-type=\"column\"><h4 class=\"font-500\">RESTAURANTE<\/h4><p class=\"\"><span style=\"color: #000000;\">Restaurante<\/span><\/p><\/div><\/div><div class=\"col-xs-12 col-sm-6 space-bottom col-md-4\"><p><img decoding=\"async\" class=\"face\" title=\"1IMG-PINT-BALL\" src=\"https:\/\/losmanantiales.cl\/Web\/wp-content\/uploads\/2022\/10\/1IMG-PINT-BALL.jpg\" alt=\"\" \/><\/p><div class=\"col-padding-small col-padding-small-xs description-container\" data-type=\"column\"><h4 class=\"font-500\">PAINTBALL<\/h4><p class=\"\"><span style=\"color: #000000;\">Paintball area<\/span><\/p><\/div><\/div><div class=\"col-xs-12 col-sm-6 space-bottom col-md-4 \"><p><img decoding=\"async\" class=\"face\" title=\"cropped-1cuatrimotos.jpg\" src=\"https:\/\/losmanantiales.cl\/Web\/wp-content\/uploads\/2022\/10\/cropped-1PINBALL.jpg\" alt=\"\" \/><\/p><div class=\"col-padding-small col-padding-small-xs description-container\" data-type=\"column\"><h4 class=\"font-500\">CUATRIMOTOS<\/h4><p class=\"\"><span style=\"color: #000000;\">Circuito para Cuatrimotos<\/span><\/p><\/div><\/div><div class=\"col-xs-12 col-sm-6 space-bottom col-md-4 \"><p><img decoding=\"async\" class=\"face\" title=\"cropped-1JUEGOS.jpg\" src=\"https:\/\/losmanantiales.cl\/Web\/wp-content\/uploads\/2023\/01\/cropped-1JUEGOS.jpg\" alt=\"\" \/><\/p><div class=\"col-padding-small col-padding-small-xs description-container\" data-type=\"column\"><h4 class=\"font-500\">SALON DE JUEGOS<\/h4><p class=\"\"><span style=\"color: #000000;\">Sal\u00f3n de juegos, Pool, Ping-Pong, Juegos elect\u00f3nicos, varios.<\/span><\/p><\/div><\/div><\/div><\/div><\/div><div id=\"servicios\" class=\"about-images-right-section content-section content-section-spacing\" style=\"background-color: #ffffff;\" data-label=\"Servicios\" data-id=\"about-images-right-section\" data-export-id=\"about-images-right-section\" data-category=\"about\"><div class=\"gridContainer\"><div class=\"row middle-sm text-center\"><div class=\"col-sm-5 content-left-sm\" data-type=\"column\"><h5 class=\"\">SERVICIOS E INFRAESTRUCTURA<\/h5><h2 class=\"\"><span style=\"font-family: Playfair Display, sans-serif; font-weight: bold; font-style: italic; cursor: text; color: chocolate;\">Un lugar privilegiado por su entorno<\/span><\/h2><p class=\"\"><span style=\"color: #000000;\">Contamos con zona para <\/span><strong><span style=\"color: #ff6600;\">CAMPING<\/span><\/strong> <span style=\"color: #000000;\">(Acampar en carpa)<\/span><\/p><p><span style=\"color: #000000;\">Zona para<\/span><span class=\"\" style=\"color: #339966;\"><span style=\"color: #008000;\"><strong> PICNIC<\/strong><\/span>,<\/span> <span style=\"color: #000000;\">(paseo por el dia), laguna de nataci\u00f3n.<\/span><\/p><p>\u00a0<\/p><p><span style=\"color: #ffffff;\"><a class=\"button big\" style=\"color: #ffffff;\" href=\"https:\/\/losmanantiales.cl\/Web\/fotos\" target=\"_self\" rel=\"noopener noreferrer\" data-cp-link=\"1\"><b>VER FOTOS <\/b><\/a><\/span><\/p><\/div><div class=\"col-sm-7\"><div class=\"image-group-side-3-img\"><p><img decoding=\"async\" class=\"topimg shadow-large\" title=\"cropped-IMG_5421.resized-1.jpg\" src=\"https:\/\/losmanantiales.cl\/Web\/wp-content\/uploads\/2020\/11\/cropped-IMG_5421.resized-1.jpg\" alt=\"\" \/> <img decoding=\"async\" class=\"rightimg shadow-large\" title=\"cropped-banner_laguna.jpg\" src=\"https:\/\/losmanantiales.cl\/Web\/wp-content\/uploads\/2020\/11\/cropped-banner_laguna.jpg\" alt=\"\" \/><\/p><div class=\"leftimg\"><img decoding=\"async\" class=\"shadow-large\" title=\"cropped-00infraestructura.jpg\" src=\"https:\/\/losmanantiales.cl\/Web\/wp-content\/uploads\/2020\/11\/cropped-17galeria.jpg\" alt=\"\" \/><\/div><\/div><\/div><\/div><\/div><\/div><div id=\"tips\" class=\"content-8 content-section content-section-spacing\" style=\"background-color: #f5fafd; background-image: none;\" data-label=\"Tips\" data-id=\"content-8\" data-export-id=\"content-8\" data-category=\"content\"><div class=\"gridContainer\"><div class=\"row middle-sm\"><div class=\"col-sm-6 space-bottom-xs content-right-sm\" data-type=\"column\"><p><img decoding=\"async\" class=\"shadow-large\" title=\"cropped-Captura-de-pantalla-de-2022-12-20-22-17-37.png\" src=\"https:\/\/losmanantiales.cl\/Web\/wp-content\/uploads\/2022\/12\/cropped-Captura-de-pantalla-de-2022-12-20-22-17-37.png\" alt=\"\" \/><\/p><h3 class=\"\"><strong>COMO LLEGAR DESDE SANTIAGO A MANANTIALES EN BUS ? <\/strong><\/h3><p class=\"\"><span style=\"color: #000000;\">1.- Llegar al Terminal de buses Interprovincial \u201cLos H\u00e9roes\u201d<\/span><\/p><p class=\"\"><span style=\"color: #000000;\">2.-( Su primer destino es La Ciudad de \u201d SAN FELIPE \u201c.)<\/span><br \/><span style=\"color: #000000;\">COMPRAR PASAJES CON DESTINO a \u201d SAN FELIPE \u201c<\/span><\/p><p class=\"\"><span style=\"color: #000000;\">3.- Luego DE 1 HORA 30 MINUTOS APROX. al llegar al \u201c<em><strong>Terminal de buses de la Ciudad de SAN FELIPE, <\/strong><\/em>\u201c,<\/span><br \/><span style=\"color: #000000;\">Abordar una Micro con destino a la Ciudad de \u201d <em><strong>LLAY LLAY <\/strong><\/em>\u201c.<\/span><\/p><p class=\"\"><span style=\"color: #000000;\">** <em class=\"Estilo9\">es importante que usted avise al conductor que; su destino final es \u201d LOS MANANTIALES DE PANQUEHUE<\/em> <em>\u201c<\/em><\/span><\/p><p class=\"\"><span style=\"color: #000000;\">**En unos 20 minutos estar\u00e1 usted en la entrada de nuestro Camping\/Balneario, y a disfrutar!!.<\/span><\/p><h3 class=\"\"><strong>COMO LLEGAR DESDE VALPARAISO A MANANTIALES EN BUS ?<\/strong><\/h3><p class=\"\"><span style=\"color: #000000;\">llegue usted al \u201d Terminal de buses DE VALPARAISO \u201c,<\/span><br \/><span style=\"color: #000000;\">( AL FRENTE DEL EDIFICIO DEL CONGRESO NACIONAL EN VALPARAISO.)<\/span><\/p><p class=\"\"><span style=\"color: #000000;\">COMPRAR PASAJES CON DESTINO a La Ciudad de \u201d SAN FELIPE \u201c, su destino final es <strong><em>\u201d\u00a0 Los Manantiales de Panquehue \u201c<\/em><\/strong><span class=\"Estilo21\"><strong><em>.<\/em><\/strong><\/span><\/span><\/p><p class=\"\"><span style=\"color: #000000;\"><em>** es importante avisar al conductor del bus que su destino final es <strong>\u201d Los Manantiales de Panquehue \u201d <\/strong><\/em><\/span><\/p><p class=\"\"><span style=\"color: #000000;\">**.<em>En aproximadamente 1 HORA 30 minutos estar\u00e0 usted en la entrada de nuestro Camping \u201d Los Manantiales de Panquehue \u201d y a disfrutar!!.<\/em><\/span><\/p><h3 class=\"\">Los Manantiales se reserva el derecho de admisi\u00f3n.<\/h3><\/div><div class=\"col-sm-6 content-right-sm\" data-type=\"column\"><h1 class=\"\"><span style=\"color: #ff6600;\">TIPS DE<\/span> <span style=\"color: #008000;\">INTERES<\/span><\/h1><h4 class=\"\"><strong><span style=\"color: #339966;\">PIC-NIC<\/span> : Paseo por el dia (de 9 a 19 hrs)<\/strong><\/h4><p>P\/P: Por Persona<br \/>VALORES POR PERSONA<\/p><hr class=\"\" \/><h4 class=\"\"><strong><span style=\"color: #ff6600;\">CAMPING<\/span>: (Acampar y Pernoctar)<\/strong><\/h4><p><span style=\"color: #000000;\">P\/P: Por Persona<\/span><br \/><span style=\"color: #000000;\">VALORES POR PERSONA<\/span><\/p><p><span style=\"color: #000000;\">Valor incluye noche. Se cancela al ingresar por todos los d\u00edas de su estad\u00eda. LOS VALORES SON POR D\u00cdA CALENDARIO E INCLUYE SITIO.<\/span><\/p><\/div><hr \/><div class=\"col-sm-6 content-right-sm\" data-type=\"column\"><h3 class=\"\"><span style=\"color: #ff6600;\"><strong>QUE LLEVAR CUANDO VOY DE CAMPING?<\/strong><\/span><\/h3><p class=\"\"><span style=\"color: #000000;\">LISTA DE SUGERENCIA<\/span><br \/><span style=\"color: #000000;\">Carpa (cubre techo \u2014 estacas \u2014 cuerdas) \u2014 Sacos de dormir (opcional: colchonetas y almohadas) \u2014 Alargador el\u00e9ctrico port\u00e1til (completo) \u2014 l\u00e1mpara o ampolleta \u2014 Linterna \u2014 Sillas plegables \u2014 quitasol (opcional) \u2014 Cocinilla (opcional) \u2014 Helera port\u00e1til \u2014 Platos \u2014 cubiertos \u2014 vasos \u2014 Tetera \u2014 fuentes \u2014 olla \u2014 sart\u00e9n \u2014 Potes pl\u00e1sticos con tapa \u2014 Bolsas de basura \u2014 Pa\u00f1os de cocina \u2014 Destapador m\u00faltiple \u2014 Lava loza \u2014 detergente \u2014 esponja para olla \u2014 Parrilla (opcional) \u2014 Papel hiegi\u00e9nico \u2014 Toallas y servilletas de papel \u2014 Alimentos no perecibles \u2014 Bolsa para el p\u00e1n \u2014 Bloqueador con filtro solar \u2014 Radio \u2014 Juegos \u2014 naipes \u2014 libros \u2014 revistas \u2014 Botiqun b\u00e1sico.<\/span><\/p><p><span style=\"color: #000000;\">Tus elementos de higiene personal (shampoo \u2014 jab\u00f3n \u2014 pasta y cepillo dental \u2014 peineta \u2014 toalla de ba\u00f1o \u2014 chalas de ba\u00f1o) Ropa y calzado de acorde a la actividad.<\/span><\/p><\/div><\/div><\/div><\/div><p><!-- Created with Elementor --><\/p>\t\t\t\t\t\t\t\t<\/div>\n\t\t\t\t<\/div>\n\t\t\t\t\t<\/div>\n\t\t<\/div>\n\t\t\t\t\t<\/div>\n\t\t<\/section>\n\t\t\t\t<\/div>\n\t\t","protected":false},"excerpt":{"rendered":"<p>LOS MANANTIALES cuenta con las comodidades necesarias para su bienestar. Duchas con agua caliente, Lavaderos de loza y Ropa, Disponemos para Ud. de:Arranque de electricidad, Amplios y seguros estacionamientos, Cobertizos, Mesas, Parrillas CAMPING (Acampar en carpa)Los sitios cuentan con; mesa, cobertizo, enchufe el\u00e9ctrico, parrilla, ducha con agua caliente PICNIC (Paseo solo por el dia) Ingreso&hellip; <br \/> <a class=\"read-more\" href=\"https:\/\/losmanantiales.cl\/Web\/\">Leer m\u00e1s<\/a><\/p>\n","protected":false},"author":1,"featured_media":0,"parent":0,"menu_order":0,"comment_status":"closed","ping_status":"closed","template":"page-templates\/homepage.php","meta":{"footnotes":""},"class_list":["post-162","page","type-page","status-publish","hentry"],"_links":{"self":[{"href":"https:\/\/losmanantiales.cl\/Web\/wp-json\/wp\/v2\/pages\/162","targetHints":{"allow":["GET"]}}],"collection":[{"href":"https:\/\/losmanantiales.cl\/Web\/wp-json\/wp\/v2\/pages"}],"about":[{"href":"https:\/\/losmanantiales.cl\/Web\/wp-json\/wp\/v2\/types\/page"}],"author":[{"embeddable":true,"href":"https:\/\/losmanantiales.cl\/Web\/wp-json\/wp\/v2\/users\/1"}],"replies":[{"embeddable":true,"href":"https:\/\/losmanantiales.cl\/Web\/wp-json\/wp\/v2\/comments?post=162"}],"version-history":[{"count":208,"href":"https:\/\/losmanantiales.cl\/Web\/wp-json\/wp\/v2\/pages\/162\/revisions"}],"predecessor-version":[{"id":1913,"href":"https:\/\/losmanantiales.cl\/Web\/wp-json\/wp\/v2\/pages\/162\/revisions\/1913"}],"wp:attachment":[{"href":"https:\/\/losmanantiales.cl\/Web\/wp-json\/wp\/v2\/media?parent=162"}],"curies":[{"name":"wp","href":"https:\/\/api.w.org\/{rel}","templated":true}]}}